{"id":20,"date":"2022-08-05T10:53:18","date_gmt":"2022-08-05T08:53:18","guid":{"rendered":"https:\/\/www.mdesign-maierhofer.at\/datenschutz\/"},"modified":"2022-08-23T17:11:41","modified_gmt":"2022-08-23T15:11:41","slug":"datenschutz","status":"publish","type":"page","link":"https:\/\/www.mdesign-maierhofer.at\/en\/data-privacy\/","title":{"rendered":"Data privacy"},"content":{"rendered":"<p><strong>Sicherheit und Schutz Ihrer personenbezogenen Daten<\/strong><br \/>\nEs ist uns ein wichtiges Anliegen, die von Ihnen bereitgestellten personenbezogenen Daten anl\u00e4sslich eines Besuches auf unserer Website zu sch\u00fctzen. Wir sind bem\u00fcht, personenbezogene Daten durch Ergreifung aller technischen und organisatorischen Ma\u00dfnahmen so zu speichern, dass sie f\u00fcr Dritte nicht zug\u00e4nglich sind.<\/p>\n<p>Wir verarbeiten Ihre Daten ausschlie\u00dflich auf Grundlage der gesetzlichen Bestimmungen (DSGVO, TKG 2003). In diesen Datenschutzinformationen informieren wir Sie \u00fcber die wichtigsten Aspekte der Datenverarbeitung im Rahmen unserer Website.<\/p>\n<p><strong>Information \u00fcber die Erhebung personenbezogener Daten<\/strong><br \/>\nIm Folgenden informieren wir \u00fcber die Erhebung personenbezogener Daten bei Nutzung unserer Website. Personenbezogene Daten sind z.\u2009B. Name, Adresse, E-Mail Adresse, Nutzerverhalten.<\/p>\n<p><strong>Erhebung personenbezogener Daten bei Ihrem Besuch unserer Website<\/strong><br \/>\nBei der blo\u00df informatorischen Nutzung unserer Website, also wenn Sie sich nicht registrieren oder uns anderweitig Informationen \u00fcbermitteln, erheben wir nur die personenbezogenen Daten, die Ihr Browser an unseren Server \u00fcbermittelt. Wenn Sie unsere Website betrachten m\u00f6chten, erheben wir die folgenden Daten, die f\u00fcr uns technisch erforderlich sind, um Ihnen unsere Website anzuzeigen und die Stabilit\u00e4t und Sicherheit zu gew\u00e4hrleisten:<\/p>\n<p>\u2022 Ihre IP-Adresse<br \/>\n\u2022 Datum und Uhrzeit Ihrer Anfrage<br \/>\n\u2022 Zeitzonendifferenz zur Greenwich Mean Time (GMT)<br \/>\n\u2022 Inhalt Ihrer Anforderung (konkrete Seite)<br \/>\n\u2022 Zugriffsstatus\/HTTP-Statuscode<br \/>\n\u2022 jeweils \u00fcbertragene Datenmenge<br \/>\n\u2022 Website, von der Ihre Anforderung kommt<br \/>\n\u2022 Ihr Browser<br \/>\n\u2022 Ihr Betriebssystem und dessen Oberfl\u00e4che<br \/>\n\u2022 Sprache und Version Ihrer Browsersoftware.<\/p>\n<p>Diese Daten k\u00f6nnen ohne Pr\u00fcfung weiterer Datenquellen keinen bestimmten Personen zugeordnet werden und wir werten diese Daten auch nicht weiter aus solange keine rechtswidrige Nutzung unserer Website vorliegt.<br \/>\nErhebung personenbezogener Daten bei Ihrer Kontaktaufnahme mit uns<br \/>\nBei einer Kontaktaufnahme mit uns per E-Mail oder \u00fcber das Kontaktformular werden die von Ihnen mitgeteilten Daten (Ihr Name, Ihre E-Mail-Adresse und Ihre Telefonnummer) von uns gespeichert, um Ihre Anfrage zu bearbeiten bzw. um Ihnen die angefragten Informationen zu liefern. Ohne Ihre Einwilligung erfolgt keine Weitergabe dieser personenbezogenen Daten an Dritte. Die in diesem Zusammenhang anfallenden Daten l\u00f6schen wir, nachdem die Speicherung nicht mehr erforderlich ist, es sei denn der L\u00f6schung stehen gesetzliche Aufbewahrungsfristen entgegen.<\/p>\n<p><strong>Cookies<\/strong><br \/>\nWir verwenden so genannte Cookies auf unserer Website. Dabei handelt es sich um kleine Textdateien, die mit Hilfe des Browsers auf Ihrem Endger\u00e4t abgelegt werden. Sie richten keinen Schaden an.<br \/>\nWir nutzen Cookies dazu, unser Angebot nutzerfreundlich zu gestalten. Einige Cookies bleiben auf Ihrem Endger\u00e4t gespeichert, bis Sie diese l\u00f6schen. Sie erm\u00f6glichen es uns, Ihren Browser beim n\u00e4chsten Besuch wiederzuerkennen.<br \/>\nWenn Sie dies nicht w\u00fcnschen, so k\u00f6nnen Sie Ihren Browser so einrichten, dass er Sie \u00fcber das Setzen von Cookies informiert und Sie dies nur im Einzelfall erlauben.<br \/>\nBei der Deaktivierung von Cookies kann die Funktionalit\u00e4t unserer Website eingeschr\u00e4nkt sein.<br \/>\nInformationen zur Art der Cookies und zu den Gr\u00fcnden f\u00fcr ihre Verwendung finden Sie in unserer Cookie-Erkl\u00e4rung.<\/p>\n<p><strong>Cookie-Einwilligung<\/strong><br \/>\nBeim erstmaligen Zugriff auf unsere Website erscheint ein \u201eCookie-Fenster\u201c, \u00fcber das wir Sie um Ihre Einwilligung zur Verarbeitung von Daten durch Cookies ersuchen. \u00dcber einen Link in unserer Datenschutzerkl\u00e4rung in dem Cookie-Fenster haben wir Sie gleichzeitig \u00fcber die Nutzung von Cookies informiert. Durch die Nutzung unserer Website nach Ihrer Best\u00e4tigung der Cookie-Nachricht haben Sie die Datenverarbeitung gem\u00e4\u00df den Bestimmungen der Cookie-Erkl\u00e4rung akzeptiert.<br \/>\nCookie-Erkl\u00e4rung<br \/>\nFolgende Cookies kommen im Zuge der Nutzung unserer Website zum Einsatz:<\/p>\n<p>moove_gdpr_popup<br \/>\nZweck: Dieses Cookie speichert ob und wann ein Benutzer durch Best\u00e4tigung in die Cookie-Erkl\u00e4rung eingewilligt hat. Speicherdauer: 1 Monat.<\/p>\n<p>qtrans_front_language<br \/>\nZweck: Dieses Cookie speichert die aktuell ausgew\u00e4hlte Website-Sprache (deutsch oder englisch). Speicherdauer: 365 Tage.<\/p>\n<p><strong>Verwendung von Google Maps<\/strong><br \/>\nAuf dieser Website nutzen wir das Angebot von Google Maps. Dadurch k\u00f6nnen wir Ihnen interaktive Karten direkt in der Website anzeigen und erm\u00f6glichen Ihnen die komfortable Nutzung der Karten-Funktion.<\/p>\n<p>Durch den Besuch auf der Website erh\u00e4lt Google die Information, dass Sie die entsprechende Unterseite unserer Website aufgerufen haben. Zudem werden die unter \u00a7 3 dieser Erkl\u00e4rung genannten Daten \u00fcbermittelt. Dies erfolgt unabh\u00e4ngig davon, ob Google ein Nutzerkonto bereitstellt, \u00fcber das Sie eingeloggt sind, oder ob kein Nutzerkonto besteht. Wenn Sie bei Google eingeloggt sind, werden Ihre Daten direkt Ihrem Konto zugeordnet. Wenn Sie die Zuordnung mit Ihrem Profil bei Google nicht w\u00fcnschen, m\u00fcssen Sie sich vor Aktivierung des Buttons ausloggen. Google speichert Ihre Daten als Nutzungsprofile und nutzt sie f\u00fcr Zwecke der Werbung, Marktforschung und\/oder bedarfsgerechten Gestaltung seiner Website. Eine solche Auswertung erfolgt insbesondere (selbst f\u00fcr nicht eingeloggte Nutzer) zur Erbringung von bedarfsgerechter Werbung und um andere Nutzer des sozialen Netzwerks \u00fcber Ihre Aktivit\u00e4ten auf unserer Website zu informieren. Ihnen steht ein Widerspruchsrecht zu gegen die Bildung dieser Nutzerprofile, wobei Sie sich zur Aus\u00fcbung dessen an Google richten m\u00fcssen.<\/p>\n<p>Weitere Informationen zu Zweck und Umfang der Datenerhebung und ihrer Verarbeitung durch den Plug-in-Anbieter erhalten Sie in den Datenschutzerkl\u00e4rungen des Anbieters. Dort erhalten Sie auch weitere Informationen zu Ihren diesbez\u00fcglichen Rechten und Einstellungsm\u00f6glichkeiten zum Schutze Ihrer Privatsph\u00e4re:\u00a0http:\/\/google.de\/intl\/de\/policies\/privacy.<br \/>\nGoogle verarbeitet Ihre personenbezogenen Daten auch in den USA und hat sich dem EU-US Privacy Shield unterworfen,\u00a0http:\/\/.privacyshield.gov\/EU-US-Framework.<\/p>\n<p><strong>Dauer, f\u00fcr die Ihre personenbezogenen Daten gespeichert werden<\/strong><br \/>\nDas Kriterium f\u00fcr die Dauer der Speicherung von personenbezogenen Daten ist die jeweilige gesetzliche Aufbewahrungsfrist. Nach Ablauf der Frist werden die entsprechenden Daten routinem\u00e4\u00dfig gel\u00f6scht, sofern sie nicht mehr zur Vertragserf\u00fcllung oder Vertragsanbahnung erforderlich sind.<\/p>\n<p><strong>Ihre Rechte<\/strong><br \/>\nIhnen stehen bei Vorliegen der gesetzlichen Voraussetzungen die Rechte auf Auskunft, Berichtigung, L\u00f6schung (\u201eRecht auf vergessen werden\u201c), Einschr\u00e4nkung der Verarbeitung, Daten\u00fcbertragbarkeit, Widerruf Ihrer Einwilligung und Widerspruch zu.<\/p>\n<p>Sie haben auch das Recht sich bei der Aufsichtsbeh\u00f6rde zu beschweren, wenn Sie der Ansicht sind, dass die Verarbeitung Ihrer personenbezogenen Daten gegen das Datenschutzrecht verst\u00f6\u00dft oder Ihre datenschutzrechtlichen Anspr\u00fcche sonst in einer Weise verletzt worden sind. In \u00d6sterreich ist die zust\u00e4ndige Aufsichtsbeh\u00f6rde die \u00d6sterreichische Datenschutzbeh\u00f6rde (DSB).<\/p>\n<p><strong>\u00c4nderung dieser Datenschutzbestimmungen<\/strong><br \/>\nWir behalten uns vor, diese Datenschutzerkl\u00e4rung bei Bedarf anzupassen, um stets den aktuellen rechtlichen Anforderungen zu entsprechen oder \u00c4nderungen unseres Leistungsportfolios in der Datenschutzerkl\u00e4rung nachzukommen. F\u00fcr Ihren erneuten Besuch gilt dann die neue Datenschutzerkl\u00e4rung, die Sie mit Nutzung unserer Website akzeptieren.<\/p>\n<p><strong>Ihre Fragen zu unserem Datenschutz<\/strong><br \/>\nBei Fragen zu unserer Datenschutzerkl\u00e4rung oder zur Inanspruchnahmen Ihrer darin angef\u00fchrten Rechte nutzen Sie bitte die E-Mail A&#100;&#114;&#101;&#x73;&#x73;&#x65;\u00a0&#100;&#97;&#x74;&#x65;&#x6e;&#x73;ch&#117;&#116;&#x7a;&#x40;&#x6d;&#x61;i&#101;&#114;&#104;&#x6f;&#x66;&#x65;r-&#103;&#114;&#117;&#x70;&#x70;&#x65;&#46;c&#111;&#109;\u00a0oder kontaktieren Sie unseren Gesch\u00e4ftsf\u00fchrer Dr. Filip Ogris-Martic unter 0463\/56596-0<\/p>\n","protected":false},"excerpt":{"rendered":"<p>Sicherheit und Schutz Ihrer personenbezogenen Daten Es ist uns ein&hellip;<\/p>\n","protected":false},"author":1,"featured_media":0,"parent":0,"menu_order":6,"comment_status":"closed","ping_status":"closed","template":"page-templates\/text.php","meta":{"_acf_changed":false,"inline_featured_image":false,"footnotes":""},"class_list":["post-20","page","type-page","status-publish","hentry"],"acf":[],"yoast_head":"<!-- This site is optimized with the Yoast SEO plugin v27.4 - https:\/\/yoast.com\/product\/yoast-seo-wordpress\/ -->\n<title>Data privacy &#8211; m-design<\/title>\n<meta name=\"robots\" content=\"index, follow, max-snippet:-1, max-image-preview:large, max-video-preview:-1\" \/>\n<link rel=\"canonical\" href=\"https:\/\/www.mdesign-maierhofer.at\/en\/datenschutz\/\" \/>\n<meta property=\"og:locale\" content=\"en_US\" \/>\n<meta property=\"og:type\" content=\"article\" \/>\n<meta property=\"og:title\" content=\"Data privacy &#8211; m-design\" \/>\n<meta property=\"og:description\" content=\"Sicherheit und Schutz Ihrer personenbezogenen Daten Es ist uns ein&hellip;\" \/>\n<meta property=\"og:url\" content=\"https:\/\/www.mdesign-maierhofer.at\/en\/datenschutz\/\" \/>\n<meta property=\"og:site_name\" content=\"m-design\" \/>\n<meta property=\"article:modified_time\" content=\"2022-08-23T15:11:41+00:00\" \/>\n<meta name=\"twitter:card\" content=\"summary_large_image\" \/>\n<meta name=\"twitter:label1\" content=\"Est. reading time\" \/>\n\t<meta name=\"twitter:data1\" content=\"6 minutes\" \/>\n<script type=\"application\/ld+json\" class=\"yoast-schema-graph\">{\"@context\":\"https:\\\/\\\/schema.org\",\"@graph\":[{\"@type\":\"WebPage\",\"@id\":\"https:\\\/\\\/www.mdesign-maierhofer.at\\\/en\\\/datenschutz\\\/\",\"url\":\"https:\\\/\\\/www.mdesign-maierhofer.at\\\/en\\\/datenschutz\\\/\",\"name\":\"Data privacy &#8211; m-design\",\"isPartOf\":{\"@id\":\"http:\\\/\\\/mdesign-maierhofer.at.w01d35bb.kasserver.com\\\/#website\"},\"datePublished\":\"2022-08-05T08:53:18+00:00\",\"dateModified\":\"2022-08-23T15:11:41+00:00\",\"breadcrumb\":{\"@id\":\"https:\\\/\\\/www.mdesign-maierhofer.at\\\/en\\\/datenschutz\\\/#breadcrumb\"},\"inLanguage\":\"en-US\",\"potentialAction\":[{\"@type\":\"ReadAction\",\"target\":[[\"https:\\\/\\\/www.mdesign-maierhofer.at\\\/en\\\/datenschutz\\\/\"]]}]},{\"@type\":\"BreadcrumbList\",\"@id\":\"https:\\\/\\\/www.mdesign-maierhofer.at\\\/en\\\/datenschutz\\\/#breadcrumb\",\"itemListElement\":[{\"@type\":\"ListItem\",\"position\":1,\"name\":\"Home\",\"item\":\"https:\\\/\\\/www.mdesign-maierhofer.at\\\/en\\\/\"},{\"@type\":\"ListItem\",\"position\":2,\"name\":\"Datenschutz\"}]},{\"@type\":\"WebSite\",\"@id\":\"http:\\\/\\\/mdesign-maierhofer.at.w01d35bb.kasserver.com\\\/#website\",\"url\":\"http:\\\/\\\/mdesign-maierhofer.at.w01d35bb.kasserver.com\\\/\",\"name\":\"m-design\",\"description\":\"Maierhofer Interiors\",\"potentialAction\":[{\"@type\":\"SearchAction\",\"target\":{\"@type\":\"EntryPoint\",\"urlTemplate\":\"http:\\\/\\\/mdesign-maierhofer.at.w01d35bb.kasserver.com\\\/?s={search_term_string}\"},\"query-input\":{\"@type\":\"PropertyValueSpecification\",\"valueRequired\":true,\"valueName\":\"search_term_string\"}}],\"inLanguage\":\"en-US\"}]}<\/script>\n<!-- \/ Yoast SEO plugin. -->","yoast_head_json":{"title":"Data privacy &#8211; m-design","robots":{"index":"index","follow":"follow","max-snippet":"max-snippet:-1","max-image-preview":"max-image-preview:large","max-video-preview":"max-video-preview:-1"},"canonical":"https:\/\/www.mdesign-maierhofer.at\/en\/datenschutz\/","og_locale":"en_US","og_type":"article","og_title":"Data privacy &#8211; m-design","og_description":"Sicherheit und Schutz Ihrer personenbezogenen Daten Es ist uns ein&hellip;","og_url":"https:\/\/www.mdesign-maierhofer.at\/en\/datenschutz\/","og_site_name":"m-design","article_modified_time":"2022-08-23T15:11:41+00:00","twitter_card":"summary_large_image","twitter_misc":{"Est. reading time":"6 minutes"},"schema":{"@context":"https:\/\/schema.org","@graph":[{"@type":"WebPage","@id":"https:\/\/www.mdesign-maierhofer.at\/en\/datenschutz\/","url":"https:\/\/www.mdesign-maierhofer.at\/en\/datenschutz\/","name":"Data privacy &#8211; m-design","isPartOf":{"@id":"http:\/\/mdesign-maierhofer.at.w01d35bb.kasserver.com\/#website"},"datePublished":"2022-08-05T08:53:18+00:00","dateModified":"2022-08-23T15:11:41+00:00","breadcrumb":{"@id":"https:\/\/www.mdesign-maierhofer.at\/en\/datenschutz\/#breadcrumb"},"inLanguage":"en-US","potentialAction":[{"@type":"ReadAction","target":[["https:\/\/www.mdesign-maierhofer.at\/en\/datenschutz\/"]]}]},{"@type":"BreadcrumbList","@id":"https:\/\/www.mdesign-maierhofer.at\/en\/datenschutz\/#breadcrumb","itemListElement":[{"@type":"ListItem","position":1,"name":"Home","item":"https:\/\/www.mdesign-maierhofer.at\/en\/"},{"@type":"ListItem","position":2,"name":"Datenschutz"}]},{"@type":"WebSite","@id":"http:\/\/mdesign-maierhofer.at.w01d35bb.kasserver.com\/#website","url":"http:\/\/mdesign-maierhofer.at.w01d35bb.kasserver.com\/","name":"m-design","description":"Maierhofer Interiors","potentialAction":[{"@type":"SearchAction","target":{"@type":"EntryPoint","urlTemplate":"http:\/\/mdesign-maierhofer.at.w01d35bb.kasserver.com\/?s={search_term_string}"},"query-input":{"@type":"PropertyValueSpecification","valueRequired":true,"valueName":"search_term_string"}}],"inLanguage":"en-US"}]}},"_links":{"self":[{"href":"https:\/\/www.mdesign-maierhofer.at\/en\/wp-json\/wp\/v2\/pages\/20","targetHints":{"allow":["GET"]}}],"collection":[{"href":"https:\/\/www.mdesign-maierhofer.at\/en\/wp-json\/wp\/v2\/pages"}],"about":[{"href":"https:\/\/www.mdesign-maierhofer.at\/en\/wp-json\/wp\/v2\/types\/page"}],"author":[{"embeddable":true,"href":"https:\/\/www.mdesign-maierhofer.at\/en\/wp-json\/wp\/v2\/users\/1"}],"replies":[{"embeddable":true,"href":"https:\/\/www.mdesign-maierhofer.at\/en\/wp-json\/wp\/v2\/comments?post=20"}],"version-history":[{"count":22,"href":"https:\/\/www.mdesign-maierhofer.at\/en\/wp-json\/wp\/v2\/pages\/20\/revisions"}],"predecessor-version":[{"id":699,"href":"https:\/\/www.mdesign-maierhofer.at\/en\/wp-json\/wp\/v2\/pages\/20\/revisions\/699"}],"wp:attachment":[{"href":"https:\/\/www.mdesign-maierhofer.at\/en\/wp-json\/wp\/v2\/media?parent=20"}],"curies":[{"name":"wp","href":"https:\/\/api.w.org\/{rel}","templated":true}]}}